{"id":93,"date":"2026-03-06T15:13:58","date_gmt":"2026-03-06T15:13:58","guid":{"rendered":"https:\/\/200.edukovac.xyz\/?page_id=93"},"modified":"2026-03-10T15:44:25","modified_gmt":"2026-03-10T15:44:25","slug":"home","status":"publish","type":"page","link":"https:\/\/200.edukovac.xyz\/","title":{"rendered":"Home"},"content":{"rendered":"\t\t<div data-elementor-type=\"wp-page\" data-elementor-id=\"93\" class=\"elementor elementor-93\" data-elementor-post-type=\"page\">\n\t\t\t\t<div class=\"elementor-element elementor-element-767968d5 e-con-full e-flex e-con e-parent\" data-id=\"767968d5\" data-element_type=\"container\" data-e-type=\"container\" data-settings=\"{&quot;background_background&quot;:&quot;slideshow&quot;,&quot;background_slideshow_gallery&quot;:[{&quot;id&quot;:167,&quot;url&quot;:&quot;https:\\\/\\\/200.edukovac.xyz\\\/wp-content\\\/uploads\\\/2026\\\/03\\\/STJ_6674-scaled-e1772810485884.jpg&quot;},{&quot;id&quot;:169,&quot;url&quot;:&quot;https:\\\/\\\/200.edukovac.xyz\\\/wp-content\\\/uploads\\\/2026\\\/03\\\/IMG_4347.jpeg&quot;},{&quot;id&quot;:170,&quot;url&quot;:&quot;https:\\\/\\\/200.edukovac.xyz\\\/wp-content\\\/uploads\\\/2026\\\/03\\\/BluAnn-7994edit-scaled.jpg&quot;}],&quot;background_slideshow_slide_duration&quot;:3000,&quot;background_slideshow_loop&quot;:&quot;yes&quot;,&quot;background_slideshow_slide_transition&quot;:&quot;fade&quot;,&quot;background_slideshow_transition_duration&quot;:500}\">\n\t\t\t\t<div class=\"elementor-element elementor-element-35b99373 elementor-invisible elementor-widget elementor-widget-heading\" data-id=\"35b99373\" data-element_type=\"widget\" data-e-type=\"widget\" data-settings=\"{&quot;_animation&quot;:&quot;slideInUp&quot;}\" data-widget_type=\"heading.default\">\n\t\t\t\t\t<h1 class=\"elementor-heading-title elementor-size-default\">Sve za va\u0161e najmla\u0111e<\/h1>\t\t\t\t<\/div>\n\t\t\t\t<div class=\"elementor-element elementor-element-4abe142f elementor-invisible elementor-widget elementor-widget-button\" data-id=\"4abe142f\" data-element_type=\"widget\" data-e-type=\"widget\" data-settings=\"{&quot;_animation&quot;:&quot;slideInDown&quot;}\" data-widget_type=\"button.default\">\n\t\t\t\t\t\t\t\t\t\t<a class=\"elementor-button elementor-button-link elementor-size-sm\" href=\"https:\/\/200.edukovac.xyz\/?page_id=103\">\n\t\t\t\t\t\t<span class=\"elementor-button-content-wrapper\">\n\t\t\t\t\t\t\t\t\t<span class=\"elementor-button-text\">Shop now<\/span>\n\t\t\t\t\t<\/span>\n\t\t\t\t\t<\/a>\n\t\t\t\t\t\t\t\t<\/div>\n\t\t\t\t<\/div>\n\t\t<div class=\"elementor-element elementor-element-3498cda2 e-con-full e-flex e-con e-parent\" data-id=\"3498cda2\" data-element_type=\"container\" data-e-type=\"container\">\n\t\t<div class=\"elementor-element elementor-element-badb3c e-con-full e-flex e-con e-child\" data-id=\"badb3c\" data-element_type=\"container\" data-e-type=\"container\">\n\t\t\t\t<div class=\"elementor-element elementor-element-7afcc6a4 elementor-cta--skin-classic elementor-animated-content elementor-bg-transform elementor-bg-transform-zoom-in elementor-widget elementor-widget-call-to-action\" data-id=\"7afcc6a4\" data-element_type=\"widget\" data-e-type=\"widget\" data-widget_type=\"call-to-action.default\">\n\t\t\t\t<div class=\"elementor-widget-container\">\n\t\t\t\t\t\t\t<div class=\"elementor-cta\">\n\t\t\t\t\t<div class=\"elementor-cta__bg-wrapper\">\n\t\t\t\t<div class=\"elementor-cta__bg elementor-bg\" style=\"background-image: url(https:\/\/200.edukovac.xyz\/wp-content\/uploads\/2026\/03\/STJ_6596-scaled-e1772814488558.jpg);\" role=\"img\" aria-label=\"STJ_6596\"><\/div>\n\t\t\t\t<div class=\"elementor-cta__bg-overlay\"><\/div>\n\t\t\t<\/div>\n\t\t\t\t\t\t\t\t<\/div>\n\t\t\t\t\t\t<\/div>\n\t\t\t\t<\/div>\n\t\t\t\t<\/div>\n\t\t<div class=\"elementor-element elementor-element-625d6759 e-con-full e-flex e-con e-child\" data-id=\"625d6759\" data-element_type=\"container\" data-e-type=\"container\" data-settings=\"{&quot;background_background&quot;:&quot;classic&quot;}\">\n\t\t\t\t<div class=\"elementor-element elementor-element-9372fa0 elementor-widget elementor-widget-icon-box\" data-id=\"9372fa0\" data-element_type=\"widget\" data-e-type=\"widget\" data-widget_type=\"icon-box.default\">\n\t\t\t\t\t\t\t<div class=\"elementor-icon-box-wrapper\">\n\n\t\t\t\n\t\t\t\t\t\t<div class=\"elementor-icon-box-content\">\n\n\t\t\t\t\t\t\t\t\t<h2 class=\"elementor-icon-box-title\">\n\t\t\t\t\t\t<span  >\n\t\t\t\t\t\t\tDE\u010cIJA ELEGANCIJA\t\t\t\t\t\t<\/span>\n\t\t\t\t\t<\/h2>\n\t\t\t\t\n\t\t\t\t\t\t\t\t\t<p class=\"elementor-icon-box-description\">\n\t\t\t\t\t\tDe\u010dija elegancija je na\u0161 za\u0161titni znak. Sa posebnom pa\u017enjom biramo haljine i odela za va\u0161e najlep\u0161e trenutke, spajaju\u0107i udobnost, kvalitet i prefinjen izgled. Svaki komad je osmi\u0161ljen da mali\u0161ani zablistaju, a da se pritom ose\u0107aju potpuno prijatno.\t\t\t\t\t<\/p>\n\t\t\t\t\n\t\t\t<\/div>\n\t\t\t\n\t\t<\/div>\n\t\t\t\t\t\t<\/div>\n\t\t\t\t<\/div>\n\t\t\t\t<\/div>\n\t\t<div class=\"elementor-element elementor-element-79138ff1 e-con-full e-flex e-con e-parent\" data-id=\"79138ff1\" data-element_type=\"container\" data-e-type=\"container\">\n\t\t<div class=\"elementor-element elementor-element-770a8f48 e-con-full e-flex e-con e-child\" data-id=\"770a8f48\" data-element_type=\"container\" data-e-type=\"container\">\n\t\t\t\t<div class=\"elementor-element elementor-element-2b176e3f elementor-invisible elementor-widget elementor-widget-heading\" data-id=\"2b176e3f\" data-element_type=\"widget\" data-e-type=\"widget\" data-settings=\"{&quot;_animation&quot;:&quot;slideInUp&quot;}\" data-widget_type=\"heading.default\">\n\t\t\t\t\t<h4 class=\"elementor-heading-title elementor-size-default\">LETO 2026<\/h4>\t\t\t\t<\/div>\n\t\t\t\t<div class=\"elementor-element elementor-element-3c26b4c4 elementor-invisible elementor-widget elementor-widget-heading\" data-id=\"3c26b4c4\" data-element_type=\"widget\" data-e-type=\"widget\" data-settings=\"{&quot;_animation&quot;:&quot;slideInDown&quot;}\" data-widget_type=\"heading.default\">\n\t\t\t\t\t<h2 class=\"elementor-heading-title elementor-size-default\">LOOKLIGHT\nNAO\u010cARE<\/h2>\t\t\t\t<\/div>\n\t\t\t\t<div class=\"elementor-element elementor-element-7f982883 elementor-align-center elementor-widget elementor-widget-button\" data-id=\"7f982883\" data-element_type=\"widget\" data-e-type=\"widget\" data-widget_type=\"button.default\">\n\t\t\t\t\t\t\t\t\t\t<a class=\"elementor-button elementor-button-link elementor-size-sm\" href=\"https:\/\/200.edukovac.xyz\/?page_id=103\">\n\t\t\t\t\t\t<span class=\"elementor-button-content-wrapper\">\n\t\t\t\t\t\t\t\t\t<span class=\"elementor-button-text\">KUPI SADA<\/span>\n\t\t\t\t\t<\/span>\n\t\t\t\t\t<\/a>\n\t\t\t\t\t\t\t\t<\/div>\n\t\t\t\t<\/div>\n\t\t<div class=\"elementor-element elementor-element-534c17df e-con-full e-flex e-con e-child\" data-id=\"534c17df\" data-element_type=\"container\" data-e-type=\"container\">\n\t\t\t\t<div class=\"elementor-element elementor-element-3725227a elementor-cta--skin-classic elementor-animated-content elementor-bg-transform elementor-bg-transform-zoom-in elementor-widget elementor-widget-call-to-action\" data-id=\"3725227a\" data-element_type=\"widget\" data-e-type=\"widget\" data-widget_type=\"call-to-action.default\">\n\t\t\t\t<div class=\"elementor-widget-container\">\n\t\t\t\t\t\t\t<div class=\"elementor-cta\">\n\t\t\t\t\t<div class=\"elementor-cta__bg-wrapper\">\n\t\t\t\t<div class=\"elementor-cta__bg elementor-bg\" style=\"background-image: url(https:\/\/200.edukovac.xyz\/wp-content\/uploads\/2026\/03\/image00005-scaled.jpeg);\" role=\"img\" aria-label=\"image00005\"><\/div>\n\t\t\t\t<div class=\"elementor-cta__bg-overlay\"><\/div>\n\t\t\t<\/div>\n\t\t\t\t\t\t\t\t<\/div>\n\t\t\t\t\t\t<\/div>\n\t\t\t\t<\/div>\n\t\t\t\t<\/div>\n\t\t\t\t<\/div>\n\t\t<div class=\"elementor-element elementor-element-7252ff70 e-con-full e-flex e-con e-parent\" data-id=\"7252ff70\" data-element_type=\"container\" data-e-type=\"container\">\n\t\t<div class=\"elementor-element elementor-element-b8fa0c4 e-flex e-con-boxed e-con e-child\" data-id=\"b8fa0c4\" data-element_type=\"container\" data-e-type=\"container\">\n\t\t\t\t\t<div class=\"e-con-inner\">\n\t\t\t\t<div class=\"elementor-element elementor-element-37d38498 elementor-widget elementor-widget-heading\" data-id=\"37d38498\" data-element_type=\"widget\" data-e-type=\"widget\" data-widget_type=\"heading.default\">\n\t\t\t\t\t<h2 class=\"elementor-heading-title elementor-size-default\">OSE\u0106AJ BOSIH STOPALA!<\/h2>\t\t\t\t<\/div>\n\t\t<div class=\"elementor-element elementor-element-ec37cba e-con-full e-flex e-con e-child\" data-id=\"ec37cba\" data-element_type=\"container\" data-e-type=\"container\">\n\t\t\t\t<div class=\"elementor-element elementor-element-e023cce elementor-flip-box--effect-flip elementor-flip-box--direction-up elementor-widget elementor-widget-flip-box\" data-id=\"e023cce\" data-element_type=\"widget\" data-e-type=\"widget\" data-widget_type=\"flip-box.default\">\n\t\t\t\t<div class=\"elementor-widget-container\">\n\t\t\t\t\t\t\t<div class=\"elementor-flip-box\" tabindex=\"0\">\n\t\t\t<div class=\"elementor-flip-box__layer elementor-flip-box__front\">\n\t\t\t\t<div class=\"elementor-flip-box__layer__overlay\">\n\t\t\t\t\t<div class=\"elementor-flip-box__layer__inner\">\n\t\t\t\t\t\t\n\t\t\t\t\t\t\t\t\t\t\t\t\t<h3 class=\"elementor-flip-box__layer__title\">\n\t\t\t\t\t\t\t\tOBU\u0106A\t\t\t\t\t\t\t<\/h3>\n\t\t\t\t\t\t\n\t\t\t\t\t\t\t\t\t\t\t\t\t<div class=\"elementor-flip-box__layer__description\">\n\t\t\t\t\t\t\t\tNa\u0161a obu\u0107a je izra\u0111ena od 100% prirodne ko\u017ee, sa anatomskim ulo\u0161kom koji pru\u017ea udobnost i pravilnu podr\u0161ku de\u010dijem stopalu. Kvalitet i udobnost u svakom koraku.\t\t\t\t\t\t\t<\/div>\n\t\t\t\t\t\t\t\t\t\t\t<\/div>\n\t\t\t\t<\/div>\n\t\t\t<\/div>\n\t\t\t<div class=\"elementor-flip-box__layer elementor-flip-box__back\">\n\t\t\t<div class=\"elementor-flip-box__layer__overlay\">\n\t\t\t\t<div class=\"elementor-flip-box__layer__inner\">\n\t\t\t\t\t\t\t\t\t\t\t<h3 class=\"elementor-flip-box__layer__title\">\n\t\t\t\t\t\t\tBAREFOOT\t\t\t\t\t\t<\/h3>\n\t\t\t\t\t\n\t\t\t\t\t\t\t\t\t\t\t<div class=\"elementor-flip-box__layer__description\">\n\t\t\t\t\t\t\tU na\u0161oj ponudi nalazi se i barefoot obu\u0107a, dizajnirana da prati prirodan razvoj de\u010dijeg stopala. Fleksibilan \u0111on, lagani materijali i dovoljno prostora za prste omogu\u0107avaju slobodno i prirodno kretanje, uz maksimalnu udobnost.\t\t\t\t\t\t<\/div>\n\t\t\t\t\t\n\t\t\t\t\t\t\t\t\t\t\t<a class=\"elementor-flip-box__button elementor-button elementor-size-sm\">\n\t\t\t\t\t\t\tPOGLEDAJ OVDE\t\t\t\t\t\t<\/a>\n\t\t\t\t\t\t\t\t<\/div>\n\t\t<\/div>\n\t\t<\/div>\n\t\t<\/div>\n\t\t\t\t\t\t<\/div>\n\t\t\t\t<\/div>\n\t\t\t\t<\/div>\n\t\t\t\t\t<\/div>\n\t\t\t\t<\/div>\n\t\t\t\t<div class=\"elementor-element elementor-element-1fb32ff elementor-cta--layout-image-left elementor-cta--mobile-layout-image-above elementor-cta--skin-classic elementor-animated-content elementor-bg-transform elementor-bg-transform-zoom-in elementor-widget elementor-widget-call-to-action\" data-id=\"1fb32ff\" data-element_type=\"widget\" data-e-type=\"widget\" data-widget_type=\"call-to-action.default\">\n\t\t\t\t<div class=\"elementor-widget-container\">\n\t\t\t\t\t\t\t<div class=\"elementor-cta\">\n\t\t\t\t\t<div class=\"elementor-cta__bg-wrapper\">\n\t\t\t\t<div class=\"elementor-cta__bg elementor-bg\" style=\"background-image: url(https:\/\/200.edukovac.xyz\/wp-content\/uploads\/2026\/03\/1-e1772815524164-1024x823.png);\" role=\"img\" aria-label=\"1\"><\/div>\n\t\t\t\t<div class=\"elementor-cta__bg-overlay\"><\/div>\n\t\t\t<\/div>\n\t\t\t\t\t\t\t<div class=\"elementor-cta__content\">\n\t\t\t\t\t\t\t\t\t<div class=\"elementor-content-item elementor-cta__content-item elementor-cta__image\">\n\t\t\t\t\t\t<img decoding=\"async\" width=\"150\" height=\"150\" src=\"https:\/\/200.edukovac.xyz\/wp-content\/uploads\/2026\/03\/Create_a_soft_artistic_lifesty_Nano_Banana_Pro_58662-150x150.jpg\" class=\"attachment-thumbnail size-thumbnail wp-image-245\" alt=\"\" srcset=\"https:\/\/200.edukovac.xyz\/wp-content\/uploads\/2026\/03\/Create_a_soft_artistic_lifesty_Nano_Banana_Pro_58662-150x150.jpg 150w, https:\/\/200.edukovac.xyz\/wp-content\/uploads\/2026\/03\/Create_a_soft_artistic_lifesty_Nano_Banana_Pro_58662-300x300.jpg 300w, https:\/\/200.edukovac.xyz\/wp-content\/uploads\/2026\/03\/Create_a_soft_artistic_lifesty_Nano_Banana_Pro_58662-100x100.jpg 100w\" sizes=\"(max-width: 150px) 100vw, 150px\" \/>\t\t\t\t\t<\/div>\n\t\t\t\t\n\t\t\t\t\t\t\t\t\t<h2 class=\"elementor-cta__title elementor-cta__content-item elementor-content-item\">\n\t\t\t\t\t\tObu\u0107a za sve uzraste\t\t\t\t\t<\/h2>\n\t\t\t\t\n\t\t\t\t\t\t\t\t\t<div class=\"elementor-cta__description elementor-cta__content-item elementor-content-item\">\n\t\t\t\t\t\tKada biramo obu\u0107u za sve uzraste posebno vodimo ra\u010duna o kvalitetu, udobnosti i pravilnoj podr\u0161ci stopalu. \nU na\u0161oj ponudi nalaze se modeli koji spajaju kvalitetne materijale, funkcionalnost i moderan dizajn, kako bi svaki korak bio siguran i prijatan. \t\t\t\t\t<\/div>\n\t\t\t\t\n\t\t\t\t\t\t\t\t\t<div class=\"elementor-cta__button-wrapper elementor-cta__content-item elementor-content-item \">\n\t\t\t\t\t<a class=\"elementor-cta__button elementor-button elementor-size-\">\n\t\t\t\t\t\tPogledaj nove patike\t\t\t\t\t<\/a>\n\t\t\t\t\t<\/div>\n\t\t\t\t\t\t\t<\/div>\n\t\t\t\t\t\t<\/div>\n\t\t\t\t\t\t<\/div>\n\t\t\t\t<\/div>\n\t\t\t\t<\/div>\n\t\t<div class=\"elementor-element elementor-element-f972253 e-con-full e-flex e-con e-parent\" data-id=\"f972253\" data-element_type=\"container\" data-e-type=\"container\">\n\t\t<div class=\"elementor-element elementor-element-5268d9b e-con-full e-flex e-con e-child\" data-id=\"5268d9b\" data-element_type=\"container\" data-e-type=\"container\">\n\t\t\t\t<div class=\"elementor-element elementor-element-fb34a10 elementor-invisible elementor-widget elementor-widget-heading\" data-id=\"fb34a10\" data-element_type=\"widget\" data-e-type=\"widget\" data-settings=\"{&quot;_animation&quot;:&quot;slideInUp&quot;}\" data-widget_type=\"heading.default\">\n\t\t\t\t\t<div class=\"elementor-heading-title elementor-size-default\">koliko<br>igra\u010daka<br>je<br>dovoljno<br>igra\u010daka?<\/div>\t\t\t\t<\/div>\n\t\t\t\t<\/div>\n\t\t<div class=\"elementor-element elementor-element-c91c5ee e-con-full e-flex e-con e-child\" data-id=\"c91c5ee\" data-element_type=\"container\" data-e-type=\"container\">\n\t\t\t\t<div class=\"elementor-element elementor-element-05a5083 elementor-position-top elementor-widget elementor-widget-image-box\" data-id=\"05a5083\" data-element_type=\"widget\" data-e-type=\"widget\" data-widget_type=\"image-box.default\">\n\t\t\t\t\t<div class=\"elementor-image-box-wrapper\"><figure class=\"elementor-image-box-img\"><img fetchpriority=\"high\" decoding=\"async\" width=\"500\" height=\"500\" src=\"https:\/\/200.edukovac.xyz\/wp-content\/uploads\/2026\/03\/Sheep-Wool-Products-Circle-Logo2-4-1.png\" class=\"attachment-full size-full wp-image-173\" alt=\"\" srcset=\"https:\/\/200.edukovac.xyz\/wp-content\/uploads\/2026\/03\/Sheep-Wool-Products-Circle-Logo2-4-1.png 500w, https:\/\/200.edukovac.xyz\/wp-content\/uploads\/2026\/03\/Sheep-Wool-Products-Circle-Logo2-4-1-300x300.png 300w, https:\/\/200.edukovac.xyz\/wp-content\/uploads\/2026\/03\/Sheep-Wool-Products-Circle-Logo2-4-1-150x150.png 150w, https:\/\/200.edukovac.xyz\/wp-content\/uploads\/2026\/03\/Sheep-Wool-Products-Circle-Logo2-4-1-100x100.png 100w\" sizes=\"(max-width: 500px) 100vw, 500px\" \/><\/figure><div class=\"elementor-image-box-content\"><p class=\"elementor-image-box-description\">Zavirite u na\u0161 odeljak sa igra\u010dkama - mesto gde \u0107ete prona\u0107i kvalitetne i bezbedne igra\u010dke za decu svih uzrasta. U ponudi imamo pa\u017eljivo odabrane proizvode koji podsti\u010du razvoj, ma\u0161tu i kreativnost kroz igru.<\/p><\/div><\/div>\t\t\t\t<\/div>\n\t\t\t\t<\/div>\n\t\t\t\t<\/div>\n\t\t<div class=\"elementor-element elementor-element-65a4c286 e-con-full e-flex e-con e-parent\" data-id=\"65a4c286\" data-element_type=\"container\" data-e-type=\"container\">\n\t\t<div class=\"elementor-element elementor-element-4bbf54cc e-con-full e-flex e-con e-child\" data-id=\"4bbf54cc\" data-element_type=\"container\" data-e-type=\"container\">\n\t\t\t\t<div class=\"elementor-element elementor-element-3a806f2b elementor-cta--skin-classic elementor-animated-content elementor-bg-transform elementor-bg-transform-zoom-in elementor-widget elementor-widget-call-to-action\" data-id=\"3a806f2b\" data-element_type=\"widget\" data-e-type=\"widget\" data-widget_type=\"call-to-action.default\">\n\t\t\t\t<div class=\"elementor-widget-container\">\n\t\t\t\t\t\t\t<div class=\"elementor-cta\">\n\t\t\t\t\t<div class=\"elementor-cta__bg-wrapper\">\n\t\t\t\t<div class=\"elementor-cta__bg elementor-bg\" style=\"background-image: url(https:\/\/200.edukovac.xyz\/wp-content\/uploads\/2026\/03\/IMG_4347-1.jpeg);\" role=\"img\" aria-label=\"IMG_4347\"><\/div>\n\t\t\t\t<div class=\"elementor-cta__bg-overlay\"><\/div>\n\t\t\t<\/div>\n\t\t\t\t\t\t\t\t<\/div>\n\t\t\t\t\t\t<\/div>\n\t\t\t\t<\/div>\n\t\t\t\t<\/div>\n\t\t<div class=\"elementor-element elementor-element-2ad330a e-con-full e-flex e-con e-child\" data-id=\"2ad330a\" data-element_type=\"container\" data-e-type=\"container\">\n\t\t\t\t<div class=\"elementor-element elementor-element-24a4aaed elementor-invisible elementor-widget elementor-widget-heading\" data-id=\"24a4aaed\" data-element_type=\"widget\" data-e-type=\"widget\" data-settings=\"{&quot;_animation&quot;:&quot;slideInUp&quot;}\" data-widget_type=\"heading.default\">\n\t\t\t\t\t<h4 class=\"elementor-heading-title elementor-size-default\">Be casual<\/h4>\t\t\t\t<\/div>\n\t\t\t\t<div class=\"elementor-element elementor-element-5a780f4d elementor-invisible elementor-widget elementor-widget-heading\" data-id=\"5a780f4d\" data-element_type=\"widget\" data-e-type=\"widget\" data-settings=\"{&quot;_animation&quot;:&quot;slideInDown&quot;}\" data-widget_type=\"heading.default\">\n\t\t\t\t\t<h2 class=\"elementor-heading-title elementor-size-default\">casual je vi\u0161e tvoj stil?<\/h2>\t\t\t\t<\/div>\n\t\t\t\t<div class=\"elementor-element elementor-element-42233cdd elementor-align-center elementor-widget elementor-widget-button\" data-id=\"42233cdd\" data-element_type=\"widget\" data-e-type=\"widget\" data-widget_type=\"button.default\">\n\t\t\t\t\t\t\t\t\t\t<a class=\"elementor-button elementor-button-link elementor-size-sm\" href=\"https:\/\/200.edukovac.xyz\/?page_id=103\">\n\t\t\t\t\t\t<span class=\"elementor-button-content-wrapper\">\n\t\t\t\t\t\t\t\t\t<span class=\"elementor-button-text\">KUPI SADA<\/span>\n\t\t\t\t\t<\/span>\n\t\t\t\t\t<\/a>\n\t\t\t\t\t\t\t\t<\/div>\n\t\t\t\t<\/div>\n\t\t\t\t<\/div>\n\t\t\t\t<\/div>\n\t\t","protected":false},"excerpt":{"rendered":"<p>Sve za va\u0161e najmla\u0111e Shop now DE\u010cIJA ELEGANCIJA De\u010dija elegancija je na\u0161 za\u0161titni znak. Sa posebnom pa\u017enjom biramo haljine i odela za va\u0161e najlep\u0161e trenutke, spajaju\u0107i udobnost, kvalitet i prefinjen izgled. Svaki komad je osmi\u0161ljen da mali\u0161ani zablistaju, a da se pritom ose\u0107aju potpuno prijatno. LETO 2026 LOOKLIGHT NAO\u010cARE KUPI SADA OSE\u0106AJ BOSIH STOPALA! OBU\u0106A [&hellip;]<\/p>\n","protected":false},"author":1,"featured_media":102,"parent":0,"menu_order":0,"comment_status":"closed","ping_status":"closed","template":"","meta":{"footnotes":""},"class_list":["post-93","page","type-page","status-publish","has-post-thumbnail","hentry"],"_links":{"self":[{"href":"https:\/\/200.edukovac.xyz\/index.php?rest_route=\/wp\/v2\/pages\/93","targetHints":{"allow":["GET"]}}],"collection":[{"href":"https:\/\/200.edukovac.xyz\/index.php?rest_route=\/wp\/v2\/pages"}],"about":[{"href":"https:\/\/200.edukovac.xyz\/index.php?rest_route=\/wp\/v2\/types\/page"}],"author":[{"embeddable":true,"href":"https:\/\/200.edukovac.xyz\/index.php?rest_route=\/wp\/v2\/users\/1"}],"replies":[{"embeddable":true,"href":"https:\/\/200.edukovac.xyz\/index.php?rest_route=%2Fwp%2Fv2%2Fcomments&post=93"}],"version-history":[{"count":139,"href":"https:\/\/200.edukovac.xyz\/index.php?rest_route=\/wp\/v2\/pages\/93\/revisions"}],"predecessor-version":[{"id":347,"href":"https:\/\/200.edukovac.xyz\/index.php?rest_route=\/wp\/v2\/pages\/93\/revisions\/347"}],"wp:featuredmedia":[{"embeddable":true,"href":"https:\/\/200.edukovac.xyz\/index.php?rest_route=\/wp\/v2\/media\/102"}],"wp:attachment":[{"href":"https:\/\/200.edukovac.xyz\/index.php?rest_route=%2Fwp%2Fv2%2Fmedia&parent=93"}],"curies":[{"name":"wp","href":"https:\/\/api.w.org\/{rel}","templated":true}]}}